{"id":9025,"date":"2024-03-26T14:56:21","date_gmt":"2024-03-26T18:56:21","guid":{"rendered":"https:\/\/cdrq.coop\/?page_id=9025"},"modified":"2025-06-09T09:58:45","modified_gmt":"2025-06-09T13:58:45","slug":"tourism-and-leisure","status":"publish","type":"page","link":"https:\/\/cdrq.coop\/en\/consulting-services\/tourism-and-leisure\/","title":{"rendered":"Tourism and Leisure"},"content":{"rendered":"","protected":false},"excerpt":{"rendered":"","protected":false},"author":7,"featured_media":8957,"parent":653,"menu_order":0,"comment_status":"closed","ping_status":"closed","template":"","meta":{"_acf_changed":false,"footnotes":""},"class_list":["post-9025","page","type-page","status-publish","has-post-thumbnail","hentry"],"acf":[],"yoast_head":"<!-- This site is optimized with the Yoast SEO plugin v27.2 - https:\/\/yoast.com\/product\/yoast-seo-wordpress\/ -->\n<title>Tourism and Leisure - CDRQ<\/title>\n<meta name=\"description\" content=\"The CDRQ works to promote collective entrepreneurship in the tourism and leisure sector.\" \/>\n<meta name=\"robots\" content=\"index, follow, max-snippet:-1, max-image-preview:large, max-video-preview:-1\" \/>\n<link rel=\"canonical\" href=\"https:\/\/cdrq.coop\/en\/consulting-services\/tourism-and-leisure\/\" \/>\n<meta property=\"og:locale\" content=\"en_US\" \/>\n<meta property=\"og:type\" content=\"article\" \/>\n<meta property=\"og:title\" content=\"Tourism and Leisure - CDRQ\" \/>\n<meta property=\"og:description\" content=\"The CDRQ works to promote collective entrepreneurship in the tourism and leisure sector.\" \/>\n<meta property=\"og:url\" content=\"https:\/\/cdrq.coop\/en\/consulting-services\/tourism-and-leisure\/\" \/>\n<meta property=\"og:site_name\" content=\"CDRQ\" \/>\n<meta property=\"article:publisher\" content=\"http:\/\/www.facebook.com\/cdrqprovinciale\" \/>\n<meta property=\"article:modified_time\" content=\"2025-06-09T13:58:45+00:00\" \/>\n<meta property=\"og:image\" content=\"https:\/\/cdrq.coop\/app\/uploads\/2024\/03\/En-tete.png\" \/>\n\t<meta property=\"og:image:width\" content=\"1260\" \/>\n\t<meta property=\"og:image:height\" content=\"700\" \/>\n\t<meta property=\"og:image:type\" content=\"image\/png\" \/>\n<meta name=\"twitter:card\" content=\"summary_large_image\" \/>\n<meta name=\"twitter:label1\" content=\"Est. reading time\" \/>\n\t<meta name=\"twitter:data1\" content=\"1 minute\" \/>\n<script type=\"application\/ld+json\" class=\"yoast-schema-graph\">{\"@context\":\"https:\/\/schema.org\",\"@graph\":[{\"@type\":\"WebPage\",\"@id\":\"https:\/\/cdrq.coop\/en\/consulting-services\/tourism-and-leisure\/\",\"url\":\"https:\/\/cdrq.coop\/en\/consulting-services\/tourism-and-leisure\/\",\"name\":\"Tourism and Leisure - CDRQ\",\"isPartOf\":{\"@id\":\"https:\/\/cdrq.coop\/#website\"},\"primaryImageOfPage\":{\"@id\":\"https:\/\/cdrq.coop\/en\/consulting-services\/tourism-and-leisure\/#primaryimage\"},\"image\":{\"@id\":\"https:\/\/cdrq.coop\/en\/consulting-services\/tourism-and-leisure\/#primaryimage\"},\"thumbnailUrl\":\"https:\/\/assets.boitebeet.com\/cdrq\/prod\/public\/uploads\/2024\/03\/En-tete.png\",\"datePublished\":\"2024-03-26T18:56:21+00:00\",\"dateModified\":\"2025-06-09T13:58:45+00:00\",\"description\":\"The CDRQ works to promote collective entrepreneurship in the tourism and leisure sector.\",\"breadcrumb\":{\"@id\":\"https:\/\/cdrq.coop\/en\/consulting-services\/tourism-and-leisure\/#breadcrumb\"},\"inLanguage\":\"en-US\",\"potentialAction\":[{\"@type\":\"ReadAction\",\"target\":[\"https:\/\/cdrq.coop\/en\/consulting-services\/tourism-and-leisure\/\"]}]},{\"@type\":\"ImageObject\",\"inLanguage\":\"en-US\",\"@id\":\"https:\/\/cdrq.coop\/en\/consulting-services\/tourism-and-leisure\/#primaryimage\",\"url\":\"https:\/\/assets.boitebeet.com\/cdrq\/prod\/public\/uploads\/2024\/03\/En-tete.png\",\"contentUrl\":\"https:\/\/assets.boitebeet.com\/cdrq\/prod\/public\/uploads\/2024\/03\/En-tete.png\",\"width\":1260,\"height\":700,\"caption\":\"Tourisme et loisirs - CDRQ\"},{\"@type\":\"BreadcrumbList\",\"@id\":\"https:\/\/cdrq.coop\/en\/consulting-services\/tourism-and-leisure\/#breadcrumb\",\"itemListElement\":[{\"@type\":\"ListItem\",\"position\":1,\"name\":\"Home\",\"item\":\"https:\/\/cdrq.coop\/en\/\"},{\"@type\":\"ListItem\",\"position\":2,\"name\":\"Consulting services\",\"item\":\"https:\/\/cdrq.coop\/en\/consulting-services\/\"},{\"@type\":\"ListItem\",\"position\":3,\"name\":\"Tourism and Leisure\"}]},{\"@type\":\"WebSite\",\"@id\":\"https:\/\/cdrq.coop\/#website\",\"url\":\"https:\/\/cdrq.coop\/\",\"name\":\"Coop\u00e9rative de d\u00e9veloppement r\u00e9gional du Qu\u00e9bec\",\"description\":\"The CDRQ offers supervision, support and expertise in supporting collective businesses that is unique in Quebec.\",\"publisher\":{\"@id\":\"https:\/\/cdrq.coop\/#organization\"},\"alternateName\":\"CDRQ\",\"potentialAction\":[{\"@type\":\"SearchAction\",\"target\":{\"@type\":\"EntryPoint\",\"urlTemplate\":\"https:\/\/cdrq.coop\/?s={search_term_string}\"},\"query-input\":{\"@type\":\"PropertyValueSpecification\",\"valueRequired\":true,\"valueName\":\"search_term_string\"}}],\"inLanguage\":\"en-US\"},{\"@type\":\"Organization\",\"@id\":\"https:\/\/cdrq.coop\/#organization\",\"name\":\"Coop\u00e9rative de d\u00e9veloppement r\u00e9gional du Qu\u00e9bec\",\"alternateName\":\"CDRQ\",\"url\":\"https:\/\/cdrq.coop\/\",\"logo\":{\"@type\":\"ImageObject\",\"inLanguage\":\"en-US\",\"@id\":\"https:\/\/cdrq.coop\/#\/schema\/logo\/image\/\",\"url\":\"https:\/\/assets.boitebeet.com\/cdrq\/prod\/public\/uploads\/2023\/11\/cdrq-favicon.png\",\"contentUrl\":\"https:\/\/assets.boitebeet.com\/cdrq\/prod\/public\/uploads\/2023\/11\/cdrq-favicon.png\",\"width\":180,\"height\":180,\"caption\":\"Coop\u00e9rative de d\u00e9veloppement r\u00e9gional du Qu\u00e9bec\"},\"image\":{\"@id\":\"https:\/\/cdrq.coop\/#\/schema\/logo\/image\/\"},\"sameAs\":[\"http:\/\/www.facebook.com\/cdrqprovinciale\",\"http:\/\/www.linkedin.com\/company\/cdrq\",\"https:\/\/youtube.com\/@CDRQ_coop\"]}]}<\/script>\n<!-- \/ Yoast SEO plugin. -->","yoast_head_json":{"title":"Tourism and Leisure - CDRQ","description":"The CDRQ works to promote collective entrepreneurship in the tourism and leisure sector.","robots":{"index":"index","follow":"follow","max-snippet":"max-snippet:-1","max-image-preview":"max-image-preview:large","max-video-preview":"max-video-preview:-1"},"canonical":"https:\/\/cdrq.coop\/en\/consulting-services\/tourism-and-leisure\/","og_locale":"en_US","og_type":"article","og_title":"Tourism and Leisure - CDRQ","og_description":"The CDRQ works to promote collective entrepreneurship in the tourism and leisure sector.","og_url":"https:\/\/cdrq.coop\/en\/consulting-services\/tourism-and-leisure\/","og_site_name":"CDRQ","article_publisher":"http:\/\/www.facebook.com\/cdrqprovinciale","article_modified_time":"2025-06-09T13:58:45+00:00","og_image":[{"width":1260,"height":700,"url":"https:\/\/cdrq.coop\/app\/uploads\/2024\/03\/En-tete.png","type":"image\/png"}],"twitter_card":"summary_large_image","twitter_misc":{"Est. reading time":"1 minute"},"schema":{"@context":"https:\/\/schema.org","@graph":[{"@type":"WebPage","@id":"https:\/\/cdrq.coop\/en\/consulting-services\/tourism-and-leisure\/","url":"https:\/\/cdrq.coop\/en\/consulting-services\/tourism-and-leisure\/","name":"Tourism and Leisure - CDRQ","isPartOf":{"@id":"https:\/\/cdrq.coop\/#website"},"primaryImageOfPage":{"@id":"https:\/\/cdrq.coop\/en\/consulting-services\/tourism-and-leisure\/#primaryimage"},"image":{"@id":"https:\/\/cdrq.coop\/en\/consulting-services\/tourism-and-leisure\/#primaryimage"},"thumbnailUrl":"https:\/\/assets.boitebeet.com\/cdrq\/prod\/public\/uploads\/2024\/03\/En-tete.png","datePublished":"2024-03-26T18:56:21+00:00","dateModified":"2025-06-09T13:58:45+00:00","description":"The CDRQ works to promote collective entrepreneurship in the tourism and leisure sector.","breadcrumb":{"@id":"https:\/\/cdrq.coop\/en\/consulting-services\/tourism-and-leisure\/#breadcrumb"},"inLanguage":"en-US","potentialAction":[{"@type":"ReadAction","target":["https:\/\/cdrq.coop\/en\/consulting-services\/tourism-and-leisure\/"]}]},{"@type":"ImageObject","inLanguage":"en-US","@id":"https:\/\/cdrq.coop\/en\/consulting-services\/tourism-and-leisure\/#primaryimage","url":"https:\/\/assets.boitebeet.com\/cdrq\/prod\/public\/uploads\/2024\/03\/En-tete.png","contentUrl":"https:\/\/assets.boitebeet.com\/cdrq\/prod\/public\/uploads\/2024\/03\/En-tete.png","width":1260,"height":700,"caption":"Tourisme et loisirs - CDRQ"},{"@type":"BreadcrumbList","@id":"https:\/\/cdrq.coop\/en\/consulting-services\/tourism-and-leisure\/#breadcrumb","itemListElement":[{"@type":"ListItem","position":1,"name":"Home","item":"https:\/\/cdrq.coop\/en\/"},{"@type":"ListItem","position":2,"name":"Consulting services","item":"https:\/\/cdrq.coop\/en\/consulting-services\/"},{"@type":"ListItem","position":3,"name":"Tourism and Leisure"}]},{"@type":"WebSite","@id":"https:\/\/cdrq.coop\/#website","url":"https:\/\/cdrq.coop\/","name":"Coop\u00e9rative de d\u00e9veloppement r\u00e9gional du Qu\u00e9bec","description":"The CDRQ offers supervision, support and expertise in supporting collective businesses that is unique in Quebec.","publisher":{"@id":"https:\/\/cdrq.coop\/#organization"},"alternateName":"CDRQ","potentialAction":[{"@type":"SearchAction","target":{"@type":"EntryPoint","urlTemplate":"https:\/\/cdrq.coop\/?s={search_term_string}"},"query-input":{"@type":"PropertyValueSpecification","valueRequired":true,"valueName":"search_term_string"}}],"inLanguage":"en-US"},{"@type":"Organization","@id":"https:\/\/cdrq.coop\/#organization","name":"Coop\u00e9rative de d\u00e9veloppement r\u00e9gional du Qu\u00e9bec","alternateName":"CDRQ","url":"https:\/\/cdrq.coop\/","logo":{"@type":"ImageObject","inLanguage":"en-US","@id":"https:\/\/cdrq.coop\/#\/schema\/logo\/image\/","url":"https:\/\/assets.boitebeet.com\/cdrq\/prod\/public\/uploads\/2023\/11\/cdrq-favicon.png","contentUrl":"https:\/\/assets.boitebeet.com\/cdrq\/prod\/public\/uploads\/2023\/11\/cdrq-favicon.png","width":180,"height":180,"caption":"Coop\u00e9rative de d\u00e9veloppement r\u00e9gional du Qu\u00e9bec"},"image":{"@id":"https:\/\/cdrq.coop\/#\/schema\/logo\/image\/"},"sameAs":["http:\/\/www.facebook.com\/cdrqprovinciale","http:\/\/www.linkedin.com\/company\/cdrq","https:\/\/youtube.com\/@CDRQ_coop"]}]}},"_links":{"self":[{"href":"https:\/\/cdrq.coop\/en\/wp-json\/wp\/v2\/pages\/9025","targetHints":{"allow":["GET"]}}],"collection":[{"href":"https:\/\/cdrq.coop\/en\/wp-json\/wp\/v2\/pages"}],"about":[{"href":"https:\/\/cdrq.coop\/en\/wp-json\/wp\/v2\/types\/page"}],"author":[{"embeddable":true,"href":"https:\/\/cdrq.coop\/en\/wp-json\/wp\/v2\/users\/7"}],"replies":[{"embeddable":true,"href":"https:\/\/cdrq.coop\/en\/wp-json\/wp\/v2\/comments?post=9025"}],"version-history":[{"count":9,"href":"https:\/\/cdrq.coop\/en\/wp-json\/wp\/v2\/pages\/9025\/revisions"}],"predecessor-version":[{"id":12156,"href":"https:\/\/cdrq.coop\/en\/wp-json\/wp\/v2\/pages\/9025\/revisions\/12156"}],"up":[{"embeddable":true,"href":"https:\/\/cdrq.coop\/en\/wp-json\/wp\/v2\/pages\/653"}],"wp:featuredmedia":[{"embeddable":true,"href":"https:\/\/cdrq.coop\/en\/wp-json\/wp\/v2\/media\/8957"}],"wp:attachment":[{"href":"https:\/\/cdrq.coop\/en\/wp-json\/wp\/v2\/media?parent=9025"}],"curies":[{"name":"wp","href":"https:\/\/api.w.org\/{rel}","templated":true}]}}