{"id":8115,"date":"2023-12-19T13:24:51","date_gmt":"2023-12-19T18:24:51","guid":{"rendered":"https:\/\/cdrq.coop\/your-business-objectives\/la-reprise-collective-dune-entreprise\/"},"modified":"2025-09-29T16:06:35","modified_gmt":"2025-09-29T20:06:35","slug":"la-reprise-collective-dune-entreprise","status":"publish","type":"page","link":"https:\/\/cdrq.coop\/en\/your-business-objectives\/la-reprise-collective-dune-entreprise\/","title":{"rendered":"Collective takeover"},"content":{"rendered":"","protected":false},"excerpt":{"rendered":"","protected":false},"author":1,"featured_media":10611,"parent":658,"menu_order":0,"comment_status":"closed","ping_status":"closed","template":"","meta":{"_acf_changed":false,"footnotes":""},"class_list":["post-8115","page","type-page","status-publish","has-post-thumbnail","hentry"],"acf":[],"yoast_head":"<!-- This site is optimized with the Yoast SEO plugin v27.2 - https:\/\/yoast.com\/product\/yoast-seo-wordpress\/ -->\n<title>Collective takeover: buy back as a group | CDRQ<\/title>\n<meta name=\"description\" content=\"The CDRQ consulting team will assist you with your collective takeover and change of legal structure without interrupting your activities.\" \/>\n<meta name=\"robots\" content=\"index, follow, max-snippet:-1, max-image-preview:large, max-video-preview:-1\" \/>\n<link rel=\"canonical\" href=\"https:\/\/cdrq.coop\/en\/your-business-objectives\/la-reprise-collective-dune-entreprise\/\" \/>\n<meta property=\"og:locale\" content=\"en_US\" \/>\n<meta property=\"og:type\" content=\"article\" \/>\n<meta property=\"og:title\" content=\"Collective takeover: buy back as a group | CDRQ\" \/>\n<meta property=\"og:description\" content=\"The CDRQ consulting team will assist you with your collective takeover and change of legal structure without interrupting your activities.\" \/>\n<meta property=\"og:url\" content=\"https:\/\/cdrq.coop\/en\/your-business-objectives\/la-reprise-collective-dune-entreprise\/\" \/>\n<meta property=\"og:site_name\" content=\"CDRQ\" \/>\n<meta property=\"article:publisher\" content=\"http:\/\/www.facebook.com\/cdrqprovinciale\" \/>\n<meta property=\"article:modified_time\" content=\"2025-09-29T20:06:35+00:00\" \/>\n<meta property=\"og:image\" content=\"https:\/\/cdrq.coop\/app\/uploads\/2024\/02\/Copie-de-Gabarits_Webinaires_1920x1080-4.png\" \/>\n\t<meta property=\"og:image:width\" content=\"1920\" \/>\n\t<meta property=\"og:image:height\" content=\"1080\" \/>\n\t<meta property=\"og:image:type\" content=\"image\/png\" \/>\n<meta name=\"twitter:card\" content=\"summary_large_image\" \/>\n<meta name=\"twitter:label1\" content=\"Est. reading time\" \/>\n\t<meta name=\"twitter:data1\" content=\"1 minute\" \/>\n<script type=\"application\/ld+json\" class=\"yoast-schema-graph\">{\"@context\":\"https:\/\/schema.org\",\"@graph\":[{\"@type\":\"WebPage\",\"@id\":\"https:\/\/cdrq.coop\/en\/your-business-objectives\/la-reprise-collective-dune-entreprise\/\",\"url\":\"https:\/\/cdrq.coop\/en\/your-business-objectives\/la-reprise-collective-dune-entreprise\/\",\"name\":\"Collective takeover: buy back as a group | CDRQ\",\"isPartOf\":{\"@id\":\"https:\/\/cdrq.coop\/#website\"},\"primaryImageOfPage\":{\"@id\":\"https:\/\/cdrq.coop\/en\/your-business-objectives\/la-reprise-collective-dune-entreprise\/#primaryimage\"},\"image\":{\"@id\":\"https:\/\/cdrq.coop\/en\/your-business-objectives\/la-reprise-collective-dune-entreprise\/#primaryimage\"},\"thumbnailUrl\":\"https:\/\/assets.boitebeet.com\/cdrq\/prod\/public\/uploads\/2024\/02\/Copie-de-Gabarits_Webinaires_1920x1080-4.png\",\"datePublished\":\"2023-12-19T18:24:51+00:00\",\"dateModified\":\"2025-09-29T20:06:35+00:00\",\"description\":\"The CDRQ consulting team will assist you with your collective takeover and change of legal structure without interrupting your activities.\",\"breadcrumb\":{\"@id\":\"https:\/\/cdrq.coop\/en\/your-business-objectives\/la-reprise-collective-dune-entreprise\/#breadcrumb\"},\"inLanguage\":\"en-US\",\"potentialAction\":[{\"@type\":\"ReadAction\",\"target\":[\"https:\/\/cdrq.coop\/en\/your-business-objectives\/la-reprise-collective-dune-entreprise\/\"]}]},{\"@type\":\"ImageObject\",\"inLanguage\":\"en-US\",\"@id\":\"https:\/\/cdrq.coop\/en\/your-business-objectives\/la-reprise-collective-dune-entreprise\/#primaryimage\",\"url\":\"https:\/\/assets.boitebeet.com\/cdrq\/prod\/public\/uploads\/2024\/02\/Copie-de-Gabarits_Webinaires_1920x1080-4.png\",\"contentUrl\":\"https:\/\/assets.boitebeet.com\/cdrq\/prod\/public\/uploads\/2024\/02\/Copie-de-Gabarits_Webinaires_1920x1080-4.png\",\"width\":1920,\"height\":1080,\"caption\":\"reprise collective\"},{\"@type\":\"BreadcrumbList\",\"@id\":\"https:\/\/cdrq.coop\/en\/your-business-objectives\/la-reprise-collective-dune-entreprise\/#breadcrumb\",\"itemListElement\":[{\"@type\":\"ListItem\",\"position\":1,\"name\":\"Home\",\"item\":\"https:\/\/cdrq.coop\/en\/\"},{\"@type\":\"ListItem\",\"position\":2,\"name\":\"Your business objectives\",\"item\":\"https:\/\/cdrq.coop\/en\/your-business-objectives\/\"},{\"@type\":\"ListItem\",\"position\":3,\"name\":\"Collective takeover\"}]},{\"@type\":\"WebSite\",\"@id\":\"https:\/\/cdrq.coop\/#website\",\"url\":\"https:\/\/cdrq.coop\/\",\"name\":\"Coop\u00e9rative de d\u00e9veloppement r\u00e9gional du Qu\u00e9bec\",\"description\":\"The CDRQ offers supervision, support and expertise in supporting collective businesses that is unique in Quebec.\",\"publisher\":{\"@id\":\"https:\/\/cdrq.coop\/#organization\"},\"alternateName\":\"CDRQ\",\"potentialAction\":[{\"@type\":\"SearchAction\",\"target\":{\"@type\":\"EntryPoint\",\"urlTemplate\":\"https:\/\/cdrq.coop\/?s={search_term_string}\"},\"query-input\":{\"@type\":\"PropertyValueSpecification\",\"valueRequired\":true,\"valueName\":\"search_term_string\"}}],\"inLanguage\":\"en-US\"},{\"@type\":\"Organization\",\"@id\":\"https:\/\/cdrq.coop\/#organization\",\"name\":\"Coop\u00e9rative de d\u00e9veloppement r\u00e9gional du Qu\u00e9bec\",\"alternateName\":\"CDRQ\",\"url\":\"https:\/\/cdrq.coop\/\",\"logo\":{\"@type\":\"ImageObject\",\"inLanguage\":\"en-US\",\"@id\":\"https:\/\/cdrq.coop\/#\/schema\/logo\/image\/\",\"url\":\"https:\/\/assets.boitebeet.com\/cdrq\/prod\/public\/uploads\/2023\/11\/cdrq-favicon.png\",\"contentUrl\":\"https:\/\/assets.boitebeet.com\/cdrq\/prod\/public\/uploads\/2023\/11\/cdrq-favicon.png\",\"width\":180,\"height\":180,\"caption\":\"Coop\u00e9rative de d\u00e9veloppement r\u00e9gional du Qu\u00e9bec\"},\"image\":{\"@id\":\"https:\/\/cdrq.coop\/#\/schema\/logo\/image\/\"},\"sameAs\":[\"http:\/\/www.facebook.com\/cdrqprovinciale\",\"http:\/\/www.linkedin.com\/company\/cdrq\",\"https:\/\/youtube.com\/@CDRQ_coop\"]}]}<\/script>\n<!-- \/ Yoast SEO plugin. -->","yoast_head_json":{"title":"Collective takeover: buy back as a group | CDRQ","description":"The CDRQ consulting team will assist you with your collective takeover and change of legal structure without interrupting your activities.","robots":{"index":"index","follow":"follow","max-snippet":"max-snippet:-1","max-image-preview":"max-image-preview:large","max-video-preview":"max-video-preview:-1"},"canonical":"https:\/\/cdrq.coop\/en\/your-business-objectives\/la-reprise-collective-dune-entreprise\/","og_locale":"en_US","og_type":"article","og_title":"Collective takeover: buy back as a group | CDRQ","og_description":"The CDRQ consulting team will assist you with your collective takeover and change of legal structure without interrupting your activities.","og_url":"https:\/\/cdrq.coop\/en\/your-business-objectives\/la-reprise-collective-dune-entreprise\/","og_site_name":"CDRQ","article_publisher":"http:\/\/www.facebook.com\/cdrqprovinciale","article_modified_time":"2025-09-29T20:06:35+00:00","og_image":[{"width":1920,"height":1080,"url":"https:\/\/cdrq.coop\/app\/uploads\/2024\/02\/Copie-de-Gabarits_Webinaires_1920x1080-4.png","type":"image\/png"}],"twitter_card":"summary_large_image","twitter_misc":{"Est. reading time":"1 minute"},"schema":{"@context":"https:\/\/schema.org","@graph":[{"@type":"WebPage","@id":"https:\/\/cdrq.coop\/en\/your-business-objectives\/la-reprise-collective-dune-entreprise\/","url":"https:\/\/cdrq.coop\/en\/your-business-objectives\/la-reprise-collective-dune-entreprise\/","name":"Collective takeover: buy back as a group | CDRQ","isPartOf":{"@id":"https:\/\/cdrq.coop\/#website"},"primaryImageOfPage":{"@id":"https:\/\/cdrq.coop\/en\/your-business-objectives\/la-reprise-collective-dune-entreprise\/#primaryimage"},"image":{"@id":"https:\/\/cdrq.coop\/en\/your-business-objectives\/la-reprise-collective-dune-entreprise\/#primaryimage"},"thumbnailUrl":"https:\/\/assets.boitebeet.com\/cdrq\/prod\/public\/uploads\/2024\/02\/Copie-de-Gabarits_Webinaires_1920x1080-4.png","datePublished":"2023-12-19T18:24:51+00:00","dateModified":"2025-09-29T20:06:35+00:00","description":"The CDRQ consulting team will assist you with your collective takeover and change of legal structure without interrupting your activities.","breadcrumb":{"@id":"https:\/\/cdrq.coop\/en\/your-business-objectives\/la-reprise-collective-dune-entreprise\/#breadcrumb"},"inLanguage":"en-US","potentialAction":[{"@type":"ReadAction","target":["https:\/\/cdrq.coop\/en\/your-business-objectives\/la-reprise-collective-dune-entreprise\/"]}]},{"@type":"ImageObject","inLanguage":"en-US","@id":"https:\/\/cdrq.coop\/en\/your-business-objectives\/la-reprise-collective-dune-entreprise\/#primaryimage","url":"https:\/\/assets.boitebeet.com\/cdrq\/prod\/public\/uploads\/2024\/02\/Copie-de-Gabarits_Webinaires_1920x1080-4.png","contentUrl":"https:\/\/assets.boitebeet.com\/cdrq\/prod\/public\/uploads\/2024\/02\/Copie-de-Gabarits_Webinaires_1920x1080-4.png","width":1920,"height":1080,"caption":"reprise collective"},{"@type":"BreadcrumbList","@id":"https:\/\/cdrq.coop\/en\/your-business-objectives\/la-reprise-collective-dune-entreprise\/#breadcrumb","itemListElement":[{"@type":"ListItem","position":1,"name":"Home","item":"https:\/\/cdrq.coop\/en\/"},{"@type":"ListItem","position":2,"name":"Your business objectives","item":"https:\/\/cdrq.coop\/en\/your-business-objectives\/"},{"@type":"ListItem","position":3,"name":"Collective takeover"}]},{"@type":"WebSite","@id":"https:\/\/cdrq.coop\/#website","url":"https:\/\/cdrq.coop\/","name":"Coop\u00e9rative de d\u00e9veloppement r\u00e9gional du Qu\u00e9bec","description":"The CDRQ offers supervision, support and expertise in supporting collective businesses that is unique in Quebec.","publisher":{"@id":"https:\/\/cdrq.coop\/#organization"},"alternateName":"CDRQ","potentialAction":[{"@type":"SearchAction","target":{"@type":"EntryPoint","urlTemplate":"https:\/\/cdrq.coop\/?s={search_term_string}"},"query-input":{"@type":"PropertyValueSpecification","valueRequired":true,"valueName":"search_term_string"}}],"inLanguage":"en-US"},{"@type":"Organization","@id":"https:\/\/cdrq.coop\/#organization","name":"Coop\u00e9rative de d\u00e9veloppement r\u00e9gional du Qu\u00e9bec","alternateName":"CDRQ","url":"https:\/\/cdrq.coop\/","logo":{"@type":"ImageObject","inLanguage":"en-US","@id":"https:\/\/cdrq.coop\/#\/schema\/logo\/image\/","url":"https:\/\/assets.boitebeet.com\/cdrq\/prod\/public\/uploads\/2023\/11\/cdrq-favicon.png","contentUrl":"https:\/\/assets.boitebeet.com\/cdrq\/prod\/public\/uploads\/2023\/11\/cdrq-favicon.png","width":180,"height":180,"caption":"Coop\u00e9rative de d\u00e9veloppement r\u00e9gional du Qu\u00e9bec"},"image":{"@id":"https:\/\/cdrq.coop\/#\/schema\/logo\/image\/"},"sameAs":["http:\/\/www.facebook.com\/cdrqprovinciale","http:\/\/www.linkedin.com\/company\/cdrq","https:\/\/youtube.com\/@CDRQ_coop"]}]}},"_links":{"self":[{"href":"https:\/\/cdrq.coop\/en\/wp-json\/wp\/v2\/pages\/8115","targetHints":{"allow":["GET"]}}],"collection":[{"href":"https:\/\/cdrq.coop\/en\/wp-json\/wp\/v2\/pages"}],"about":[{"href":"https:\/\/cdrq.coop\/en\/wp-json\/wp\/v2\/types\/page"}],"author":[{"embeddable":true,"href":"https:\/\/cdrq.coop\/en\/wp-json\/wp\/v2\/users\/1"}],"replies":[{"embeddable":true,"href":"https:\/\/cdrq.coop\/en\/wp-json\/wp\/v2\/comments?post=8115"}],"version-history":[{"count":18,"href":"https:\/\/cdrq.coop\/en\/wp-json\/wp\/v2\/pages\/8115\/revisions"}],"predecessor-version":[{"id":12550,"href":"https:\/\/cdrq.coop\/en\/wp-json\/wp\/v2\/pages\/8115\/revisions\/12550"}],"up":[{"embeddable":true,"href":"https:\/\/cdrq.coop\/en\/wp-json\/wp\/v2\/pages\/658"}],"wp:featuredmedia":[{"embeddable":true,"href":"https:\/\/cdrq.coop\/en\/wp-json\/wp\/v2\/media\/10611"}],"wp:attachment":[{"href":"https:\/\/cdrq.coop\/en\/wp-json\/wp\/v2\/media?parent=8115"}],"curies":[{"name":"wp","href":"https:\/\/api.w.org\/{rel}","templated":true}]}}