{"id":659,"date":"2023-11-10T11:02:03","date_gmt":"2023-11-10T16:02:03","guid":{"rendered":"https:\/\/cdrq.coop\/votre-objectif-daffaires\/acceder-a-du-financement\/"},"modified":"2024-03-11T14:48:20","modified_gmt":"2024-03-11T18:48:20","slug":"access-financing","status":"publish","type":"page","link":"https:\/\/cdrq.coop\/en\/your-business-objectives\/access-financing\/","title":{"rendered":"Access financing"},"content":{"rendered":"","protected":false},"excerpt":{"rendered":"","protected":false},"author":1,"featured_media":11759,"parent":658,"menu_order":0,"comment_status":"closed","ping_status":"closed","template":"","meta":{"_acf_changed":false,"footnotes":""},"class_list":["post-659","page","type-page","status-publish","has-post-thumbnail","hentry"],"acf":[],"yoast_head":"<!-- This site is optimized with the Yoast SEO plugin v27.4 - https:\/\/yoast.com\/product\/yoast-seo-wordpress\/ -->\n<title>Financing your cooperative business | CDRQ<\/title>\n<meta name=\"description\" content=\"The CDRQ can help you find the right funding for your group project and your business objectives. Discover your financing options today!\" \/>\n<meta name=\"robots\" content=\"index, follow, max-snippet:-1, max-image-preview:large, max-video-preview:-1\" \/>\n<link rel=\"canonical\" href=\"https:\/\/cdrq.coop\/en\/your-business-objectives\/access-financing\/\" \/>\n<meta property=\"og:locale\" content=\"en_US\" \/>\n<meta property=\"og:type\" content=\"article\" \/>\n<meta property=\"og:title\" content=\"Financing your cooperative business | CDRQ\" \/>\n<meta property=\"og:description\" content=\"The CDRQ can help you find the right funding for your group project and your business objectives. Discover your financing options today!\" \/>\n<meta property=\"og:url\" content=\"https:\/\/modules.cdrq.devbeet.com\/en\/your-business-objectives\/access-financing\/\" \/>\n<meta property=\"og:site_name\" content=\"CDRQ\" \/>\n<meta property=\"article:publisher\" content=\"http:\/\/www.facebook.com\/cdrqprovinciale\" \/>\n<meta property=\"article:modified_time\" content=\"2024-03-11T18:48:20+00:00\" \/>\n<meta property=\"og:image\" content=\"https:\/\/assets.boitebeet.com\/cdrq\/prod\/public\/uploads\/2023\/11\/cdrq-favicon.png\" \/>\n\t<meta property=\"og:image:width\" content=\"180\" \/>\n\t<meta property=\"og:image:height\" content=\"180\" \/>\n\t<meta property=\"og:image:type\" content=\"image\/png\" \/>\n<meta name=\"twitter:card\" content=\"summary_large_image\" \/>\n<script type=\"application\/ld+json\" class=\"yoast-schema-graph\">{\"@context\":\"https:\\\/\\\/schema.org\",\"@graph\":[{\"@type\":\"WebPage\",\"@id\":\"https:\\\/\\\/modules.cdrq.devbeet.com\\\/en\\\/your-business-objectives\\\/access-financing\\\/\",\"url\":\"https:\\\/\\\/modules.cdrq.devbeet.com\\\/en\\\/your-business-objectives\\\/access-financing\\\/\",\"name\":\"Financing your cooperative business | CDRQ\",\"isPartOf\":{\"@id\":\"https:\\\/\\\/cdrq.coop\\\/#website\"},\"primaryImageOfPage\":{\"@id\":\"https:\\\/\\\/modules.cdrq.devbeet.com\\\/en\\\/your-business-objectives\\\/access-financing\\\/#primaryimage\"},\"image\":{\"@id\":\"https:\\\/\\\/modules.cdrq.devbeet.com\\\/en\\\/your-business-objectives\\\/access-financing\\\/#primaryimage\"},\"thumbnailUrl\":\"https:\\\/\\\/assets.boitebeet.com\\\/cdrq\\\/prod\\\/public\\\/uploads\\\/2025\\\/04\\\/CRDQ-iconeRGB.png\",\"datePublished\":\"2023-11-10T16:02:03+00:00\",\"dateModified\":\"2024-03-11T18:48:20+00:00\",\"description\":\"The CDRQ can help you find the right funding for your group project and your business objectives. Discover your financing options today!\",\"breadcrumb\":{\"@id\":\"https:\\\/\\\/modules.cdrq.devbeet.com\\\/en\\\/your-business-objectives\\\/access-financing\\\/#breadcrumb\"},\"inLanguage\":\"en-US\",\"potentialAction\":[{\"@type\":\"ReadAction\",\"target\":[\"https:\\\/\\\/modules.cdrq.devbeet.com\\\/en\\\/your-business-objectives\\\/access-financing\\\/\"]}]},{\"@type\":\"ImageObject\",\"inLanguage\":\"en-US\",\"@id\":\"https:\\\/\\\/modules.cdrq.devbeet.com\\\/en\\\/your-business-objectives\\\/access-financing\\\/#primaryimage\",\"url\":\"https:\\\/\\\/assets.boitebeet.com\\\/cdrq\\\/prod\\\/public\\\/uploads\\\/2025\\\/04\\\/CRDQ-iconeRGB.png\",\"contentUrl\":\"https:\\\/\\\/assets.boitebeet.com\\\/cdrq\\\/prod\\\/public\\\/uploads\\\/2025\\\/04\\\/CRDQ-iconeRGB.png\",\"width\":200,\"height\":200,\"caption\":\"Logo CDRQ\"},{\"@type\":\"BreadcrumbList\",\"@id\":\"https:\\\/\\\/modules.cdrq.devbeet.com\\\/en\\\/your-business-objectives\\\/access-financing\\\/#breadcrumb\",\"itemListElement\":[{\"@type\":\"ListItem\",\"position\":1,\"name\":\"Home\",\"item\":\"https:\\\/\\\/cdrq.coop\\\/en\\\/\"},{\"@type\":\"ListItem\",\"position\":2,\"name\":\"Your business objectives\",\"item\":\"https:\\\/\\\/cdrq.coop\\\/en\\\/your-business-objectives\\\/\"},{\"@type\":\"ListItem\",\"position\":3,\"name\":\"Access financing\"}]},{\"@type\":\"WebSite\",\"@id\":\"https:\\\/\\\/cdrq.coop\\\/#website\",\"url\":\"https:\\\/\\\/cdrq.coop\\\/\",\"name\":\"Coop\u00e9rative de d\u00e9veloppement r\u00e9gional du Qu\u00e9bec\",\"description\":\"The CDRQ offers supervision, support and expertise in supporting collective businesses that is unique in Quebec.\",\"publisher\":{\"@id\":\"https:\\\/\\\/cdrq.coop\\\/#organization\"},\"alternateName\":\"CDRQ\",\"potentialAction\":[{\"@type\":\"SearchAction\",\"target\":{\"@type\":\"EntryPoint\",\"urlTemplate\":\"https:\\\/\\\/cdrq.coop\\\/?s={search_term_string}\"},\"query-input\":{\"@type\":\"PropertyValueSpecification\",\"valueRequired\":true,\"valueName\":\"search_term_string\"}}],\"inLanguage\":\"en-US\"},{\"@type\":\"Organization\",\"@id\":\"https:\\\/\\\/cdrq.coop\\\/#organization\",\"name\":\"Coop\u00e9rative de d\u00e9veloppement r\u00e9gional du Qu\u00e9bec\",\"alternateName\":\"CDRQ\",\"url\":\"https:\\\/\\\/cdrq.coop\\\/\",\"logo\":{\"@type\":\"ImageObject\",\"inLanguage\":\"en-US\",\"@id\":\"https:\\\/\\\/cdrq.coop\\\/#\\\/schema\\\/logo\\\/image\\\/\",\"url\":\"https:\\\/\\\/assets.boitebeet.com\\\/cdrq\\\/prod\\\/public\\\/uploads\\\/2023\\\/11\\\/cdrq-favicon.png\",\"contentUrl\":\"https:\\\/\\\/assets.boitebeet.com\\\/cdrq\\\/prod\\\/public\\\/uploads\\\/2023\\\/11\\\/cdrq-favicon.png\",\"width\":180,\"height\":180,\"caption\":\"Coop\u00e9rative de d\u00e9veloppement r\u00e9gional du Qu\u00e9bec\"},\"image\":{\"@id\":\"https:\\\/\\\/cdrq.coop\\\/#\\\/schema\\\/logo\\\/image\\\/\"},\"sameAs\":[\"http:\\\/\\\/www.facebook.com\\\/cdrqprovinciale\",\"http:\\\/\\\/www.linkedin.com\\\/company\\\/cdrq\",\"https:\\\/\\\/youtube.com\\\/@CDRQ_coop\"]}]}<\/script>\n<!-- \/ Yoast SEO plugin. -->","yoast_head_json":{"title":"Financing your cooperative business | CDRQ","description":"The CDRQ can help you find the right funding for your group project and your business objectives. Discover your financing options today!","robots":{"index":"index","follow":"follow","max-snippet":"max-snippet:-1","max-image-preview":"max-image-preview:large","max-video-preview":"max-video-preview:-1"},"canonical":"https:\/\/cdrq.coop\/en\/your-business-objectives\/access-financing\/","og_locale":"en_US","og_type":"article","og_title":"Financing your cooperative business | CDRQ","og_description":"The CDRQ can help you find the right funding for your group project and your business objectives. Discover your financing options today!","og_url":"https:\/\/modules.cdrq.devbeet.com\/en\/your-business-objectives\/access-financing\/","og_site_name":"CDRQ","article_publisher":"http:\/\/www.facebook.com\/cdrqprovinciale","article_modified_time":"2024-03-11T18:48:20+00:00","og_image":[{"width":180,"height":180,"url":"https:\/\/assets.boitebeet.com\/cdrq\/prod\/public\/uploads\/2023\/11\/cdrq-favicon.png","type":"image\/png"}],"twitter_card":"summary_large_image","schema":{"@context":"https:\/\/schema.org","@graph":[{"@type":"WebPage","@id":"https:\/\/modules.cdrq.devbeet.com\/en\/your-business-objectives\/access-financing\/","url":"https:\/\/modules.cdrq.devbeet.com\/en\/your-business-objectives\/access-financing\/","name":"Financing your cooperative business | CDRQ","isPartOf":{"@id":"https:\/\/cdrq.coop\/#website"},"primaryImageOfPage":{"@id":"https:\/\/modules.cdrq.devbeet.com\/en\/your-business-objectives\/access-financing\/#primaryimage"},"image":{"@id":"https:\/\/modules.cdrq.devbeet.com\/en\/your-business-objectives\/access-financing\/#primaryimage"},"thumbnailUrl":"https:\/\/assets.boitebeet.com\/cdrq\/prod\/public\/uploads\/2025\/04\/CRDQ-iconeRGB.png","datePublished":"2023-11-10T16:02:03+00:00","dateModified":"2024-03-11T18:48:20+00:00","description":"The CDRQ can help you find the right funding for your group project and your business objectives. Discover your financing options today!","breadcrumb":{"@id":"https:\/\/modules.cdrq.devbeet.com\/en\/your-business-objectives\/access-financing\/#breadcrumb"},"inLanguage":"en-US","potentialAction":[{"@type":"ReadAction","target":["https:\/\/modules.cdrq.devbeet.com\/en\/your-business-objectives\/access-financing\/"]}]},{"@type":"ImageObject","inLanguage":"en-US","@id":"https:\/\/modules.cdrq.devbeet.com\/en\/your-business-objectives\/access-financing\/#primaryimage","url":"https:\/\/assets.boitebeet.com\/cdrq\/prod\/public\/uploads\/2025\/04\/CRDQ-iconeRGB.png","contentUrl":"https:\/\/assets.boitebeet.com\/cdrq\/prod\/public\/uploads\/2025\/04\/CRDQ-iconeRGB.png","width":200,"height":200,"caption":"Logo CDRQ"},{"@type":"BreadcrumbList","@id":"https:\/\/modules.cdrq.devbeet.com\/en\/your-business-objectives\/access-financing\/#breadcrumb","itemListElement":[{"@type":"ListItem","position":1,"name":"Home","item":"https:\/\/cdrq.coop\/en\/"},{"@type":"ListItem","position":2,"name":"Your business objectives","item":"https:\/\/cdrq.coop\/en\/your-business-objectives\/"},{"@type":"ListItem","position":3,"name":"Access financing"}]},{"@type":"WebSite","@id":"https:\/\/cdrq.coop\/#website","url":"https:\/\/cdrq.coop\/","name":"Coop\u00e9rative de d\u00e9veloppement r\u00e9gional du Qu\u00e9bec","description":"The CDRQ offers supervision, support and expertise in supporting collective businesses that is unique in Quebec.","publisher":{"@id":"https:\/\/cdrq.coop\/#organization"},"alternateName":"CDRQ","potentialAction":[{"@type":"SearchAction","target":{"@type":"EntryPoint","urlTemplate":"https:\/\/cdrq.coop\/?s={search_term_string}"},"query-input":{"@type":"PropertyValueSpecification","valueRequired":true,"valueName":"search_term_string"}}],"inLanguage":"en-US"},{"@type":"Organization","@id":"https:\/\/cdrq.coop\/#organization","name":"Coop\u00e9rative de d\u00e9veloppement r\u00e9gional du Qu\u00e9bec","alternateName":"CDRQ","url":"https:\/\/cdrq.coop\/","logo":{"@type":"ImageObject","inLanguage":"en-US","@id":"https:\/\/cdrq.coop\/#\/schema\/logo\/image\/","url":"https:\/\/assets.boitebeet.com\/cdrq\/prod\/public\/uploads\/2023\/11\/cdrq-favicon.png","contentUrl":"https:\/\/assets.boitebeet.com\/cdrq\/prod\/public\/uploads\/2023\/11\/cdrq-favicon.png","width":180,"height":180,"caption":"Coop\u00e9rative de d\u00e9veloppement r\u00e9gional du Qu\u00e9bec"},"image":{"@id":"https:\/\/cdrq.coop\/#\/schema\/logo\/image\/"},"sameAs":["http:\/\/www.facebook.com\/cdrqprovinciale","http:\/\/www.linkedin.com\/company\/cdrq","https:\/\/youtube.com\/@CDRQ_coop"]}]}},"_links":{"self":[{"href":"https:\/\/cdrq.coop\/en\/wp-json\/wp\/v2\/pages\/659","targetHints":{"allow":["GET"]}}],"collection":[{"href":"https:\/\/cdrq.coop\/en\/wp-json\/wp\/v2\/pages"}],"about":[{"href":"https:\/\/cdrq.coop\/en\/wp-json\/wp\/v2\/types\/page"}],"author":[{"embeddable":true,"href":"https:\/\/cdrq.coop\/en\/wp-json\/wp\/v2\/users\/1"}],"replies":[{"embeddable":true,"href":"https:\/\/cdrq.coop\/en\/wp-json\/wp\/v2\/comments?post=659"}],"version-history":[{"count":12,"href":"https:\/\/cdrq.coop\/en\/wp-json\/wp\/v2\/pages\/659\/revisions"}],"predecessor-version":[{"id":8742,"href":"https:\/\/cdrq.coop\/en\/wp-json\/wp\/v2\/pages\/659\/revisions\/8742"}],"up":[{"embeddable":true,"href":"https:\/\/cdrq.coop\/en\/wp-json\/wp\/v2\/pages\/658"}],"wp:featuredmedia":[{"embeddable":true,"href":"https:\/\/cdrq.coop\/en\/wp-json\/wp\/v2\/media\/11759"}],"wp:attachment":[{"href":"https:\/\/cdrq.coop\/en\/wp-json\/wp\/v2\/media?parent=659"}],"curies":[{"name":"wp","href":"https:\/\/api.w.org\/{rel}","templated":true}]}}