{"id":651,"date":"2023-11-10T10:54:05","date_gmt":"2023-11-10T15:54:05","guid":{"rendered":"https:\/\/cdrq.coop\/nous-contacter\/"},"modified":"2026-01-06T09:38:10","modified_gmt":"2026-01-06T14:38:10","slug":"contact-us","status":"publish","type":"page","link":"https:\/\/cdrq.coop\/en\/contact-us\/","title":{"rendered":"Contact us"},"content":{"rendered":"","protected":false},"excerpt":{"rendered":"","protected":false},"author":1,"featured_media":9255,"parent":0,"menu_order":0,"comment_status":"closed","ping_status":"closed","template":"","meta":{"_acf_changed":false,"footnotes":""},"class_list":["post-651","page","type-page","status-publish","has-post-thumbnail","hentry"],"acf":[],"yoast_head":"<!-- This site is optimized with the Yoast SEO plugin v27.2 - https:\/\/yoast.com\/product\/yoast-seo-wordpress\/ -->\n<title>Contact us | Coop\u00e9rative de d\u00e9veloppement r\u00e9gional du Qu\u00e9bec<\/title>\n<meta name=\"description\" content=\"Need to reach us at the Coop\u00e9rative de d\u00e9veloppement r\u00e9gional du Qu\u00e9bec (CDRQ)? Here&#039;s our contact information.\" \/>\n<meta name=\"robots\" content=\"index, follow, max-snippet:-1, max-image-preview:large, max-video-preview:-1\" \/>\n<link rel=\"canonical\" href=\"https:\/\/cdrq.coop\/en\/contact-us\/\" \/>\n<meta property=\"og:locale\" content=\"en_US\" \/>\n<meta property=\"og:type\" content=\"article\" \/>\n<meta property=\"og:title\" content=\"Contact us | Coop\u00e9rative de d\u00e9veloppement r\u00e9gional du Qu\u00e9bec\" \/>\n<meta property=\"og:description\" content=\"Need to reach us at the Coop\u00e9rative de d\u00e9veloppement r\u00e9gional du Qu\u00e9bec (CDRQ)? Here&#039;s our contact information.\" \/>\n<meta property=\"og:url\" content=\"https:\/\/cdrq.coop\/en\/contact-us\/\" \/>\n<meta property=\"og:site_name\" content=\"CDRQ\" \/>\n<meta property=\"article:publisher\" content=\"http:\/\/www.facebook.com\/cdrqprovinciale\" \/>\n<meta property=\"article:modified_time\" content=\"2026-01-06T14:38:10+00:00\" \/>\n<meta property=\"og:image\" content=\"https:\/\/cdrq.coop\/app\/uploads\/2024\/04\/CRDQ-iconeRGB.png\" \/>\n\t<meta property=\"og:image:width\" content=\"200\" \/>\n\t<meta property=\"og:image:height\" content=\"200\" \/>\n\t<meta property=\"og:image:type\" content=\"image\/png\" \/>\n<meta name=\"twitter:card\" content=\"summary_large_image\" \/>\n<meta name=\"twitter:label1\" content=\"Est. reading time\" \/>\n\t<meta name=\"twitter:data1\" content=\"1 minute\" \/>\n<script type=\"application\/ld+json\" class=\"yoast-schema-graph\">{\"@context\":\"https:\/\/schema.org\",\"@graph\":[{\"@type\":\"WebPage\",\"@id\":\"https:\/\/cdrq.coop\/en\/contact-us\/\",\"url\":\"https:\/\/cdrq.coop\/en\/contact-us\/\",\"name\":\"Contact us | Coop\u00e9rative de d\u00e9veloppement r\u00e9gional du Qu\u00e9bec\",\"isPartOf\":{\"@id\":\"https:\/\/cdrq.coop\/#website\"},\"primaryImageOfPage\":{\"@id\":\"https:\/\/cdrq.coop\/en\/contact-us\/#primaryimage\"},\"image\":{\"@id\":\"https:\/\/cdrq.coop\/en\/contact-us\/#primaryimage\"},\"thumbnailUrl\":\"https:\/\/assets.boitebeet.com\/cdrq\/prod\/public\/uploads\/2024\/04\/CRDQ-iconeRGB.png\",\"datePublished\":\"2023-11-10T15:54:05+00:00\",\"dateModified\":\"2026-01-06T14:38:10+00:00\",\"description\":\"Need to reach us at the Coop\u00e9rative de d\u00e9veloppement r\u00e9gional du Qu\u00e9bec (CDRQ)? Here's our contact information.\",\"breadcrumb\":{\"@id\":\"https:\/\/cdrq.coop\/en\/contact-us\/#breadcrumb\"},\"inLanguage\":\"en-US\",\"potentialAction\":[{\"@type\":\"ReadAction\",\"target\":[\"https:\/\/cdrq.coop\/en\/contact-us\/\"]}]},{\"@type\":\"ImageObject\",\"inLanguage\":\"en-US\",\"@id\":\"https:\/\/cdrq.coop\/en\/contact-us\/#primaryimage\",\"url\":\"https:\/\/assets.boitebeet.com\/cdrq\/prod\/public\/uploads\/2024\/04\/CRDQ-iconeRGB.png\",\"contentUrl\":\"https:\/\/assets.boitebeet.com\/cdrq\/prod\/public\/uploads\/2024\/04\/CRDQ-iconeRGB.png\",\"width\":200,\"height\":200,\"caption\":\"Logo CDRQ\"},{\"@type\":\"BreadcrumbList\",\"@id\":\"https:\/\/cdrq.coop\/en\/contact-us\/#breadcrumb\",\"itemListElement\":[{\"@type\":\"ListItem\",\"position\":1,\"name\":\"Home\",\"item\":\"https:\/\/cdrq.coop\/en\/\"},{\"@type\":\"ListItem\",\"position\":2,\"name\":\"Contact us\"}]},{\"@type\":\"WebSite\",\"@id\":\"https:\/\/cdrq.coop\/#website\",\"url\":\"https:\/\/cdrq.coop\/\",\"name\":\"Coop\u00e9rative de d\u00e9veloppement r\u00e9gional du Qu\u00e9bec\",\"description\":\"The CDRQ offers supervision, support and expertise in supporting collective businesses that is unique in Quebec.\",\"publisher\":{\"@id\":\"https:\/\/cdrq.coop\/#organization\"},\"alternateName\":\"CDRQ\",\"potentialAction\":[{\"@type\":\"SearchAction\",\"target\":{\"@type\":\"EntryPoint\",\"urlTemplate\":\"https:\/\/cdrq.coop\/?s={search_term_string}\"},\"query-input\":{\"@type\":\"PropertyValueSpecification\",\"valueRequired\":true,\"valueName\":\"search_term_string\"}}],\"inLanguage\":\"en-US\"},{\"@type\":\"Organization\",\"@id\":\"https:\/\/cdrq.coop\/#organization\",\"name\":\"Coop\u00e9rative de d\u00e9veloppement r\u00e9gional du Qu\u00e9bec\",\"alternateName\":\"CDRQ\",\"url\":\"https:\/\/cdrq.coop\/\",\"logo\":{\"@type\":\"ImageObject\",\"inLanguage\":\"en-US\",\"@id\":\"https:\/\/cdrq.coop\/#\/schema\/logo\/image\/\",\"url\":\"https:\/\/assets.boitebeet.com\/cdrq\/prod\/public\/uploads\/2023\/11\/cdrq-favicon.png\",\"contentUrl\":\"https:\/\/assets.boitebeet.com\/cdrq\/prod\/public\/uploads\/2023\/11\/cdrq-favicon.png\",\"width\":180,\"height\":180,\"caption\":\"Coop\u00e9rative de d\u00e9veloppement r\u00e9gional du Qu\u00e9bec\"},\"image\":{\"@id\":\"https:\/\/cdrq.coop\/#\/schema\/logo\/image\/\"},\"sameAs\":[\"http:\/\/www.facebook.com\/cdrqprovinciale\",\"http:\/\/www.linkedin.com\/company\/cdrq\",\"https:\/\/youtube.com\/@CDRQ_coop\"]}]}<\/script>\n<!-- \/ Yoast SEO plugin. -->","yoast_head_json":{"title":"Contact us | Coop\u00e9rative de d\u00e9veloppement r\u00e9gional du Qu\u00e9bec","description":"Need to reach us at the Coop\u00e9rative de d\u00e9veloppement r\u00e9gional du Qu\u00e9bec (CDRQ)? Here's our contact information.","robots":{"index":"index","follow":"follow","max-snippet":"max-snippet:-1","max-image-preview":"max-image-preview:large","max-video-preview":"max-video-preview:-1"},"canonical":"https:\/\/cdrq.coop\/en\/contact-us\/","og_locale":"en_US","og_type":"article","og_title":"Contact us | Coop\u00e9rative de d\u00e9veloppement r\u00e9gional du Qu\u00e9bec","og_description":"Need to reach us at the Coop\u00e9rative de d\u00e9veloppement r\u00e9gional du Qu\u00e9bec (CDRQ)? Here's our contact information.","og_url":"https:\/\/cdrq.coop\/en\/contact-us\/","og_site_name":"CDRQ","article_publisher":"http:\/\/www.facebook.com\/cdrqprovinciale","article_modified_time":"2026-01-06T14:38:10+00:00","og_image":[{"width":200,"height":200,"url":"https:\/\/cdrq.coop\/app\/uploads\/2024\/04\/CRDQ-iconeRGB.png","type":"image\/png"}],"twitter_card":"summary_large_image","twitter_misc":{"Est. reading time":"1 minute"},"schema":{"@context":"https:\/\/schema.org","@graph":[{"@type":"WebPage","@id":"https:\/\/cdrq.coop\/en\/contact-us\/","url":"https:\/\/cdrq.coop\/en\/contact-us\/","name":"Contact us | Coop\u00e9rative de d\u00e9veloppement r\u00e9gional du Qu\u00e9bec","isPartOf":{"@id":"https:\/\/cdrq.coop\/#website"},"primaryImageOfPage":{"@id":"https:\/\/cdrq.coop\/en\/contact-us\/#primaryimage"},"image":{"@id":"https:\/\/cdrq.coop\/en\/contact-us\/#primaryimage"},"thumbnailUrl":"https:\/\/assets.boitebeet.com\/cdrq\/prod\/public\/uploads\/2024\/04\/CRDQ-iconeRGB.png","datePublished":"2023-11-10T15:54:05+00:00","dateModified":"2026-01-06T14:38:10+00:00","description":"Need to reach us at the Coop\u00e9rative de d\u00e9veloppement r\u00e9gional du Qu\u00e9bec (CDRQ)? Here's our contact information.","breadcrumb":{"@id":"https:\/\/cdrq.coop\/en\/contact-us\/#breadcrumb"},"inLanguage":"en-US","potentialAction":[{"@type":"ReadAction","target":["https:\/\/cdrq.coop\/en\/contact-us\/"]}]},{"@type":"ImageObject","inLanguage":"en-US","@id":"https:\/\/cdrq.coop\/en\/contact-us\/#primaryimage","url":"https:\/\/assets.boitebeet.com\/cdrq\/prod\/public\/uploads\/2024\/04\/CRDQ-iconeRGB.png","contentUrl":"https:\/\/assets.boitebeet.com\/cdrq\/prod\/public\/uploads\/2024\/04\/CRDQ-iconeRGB.png","width":200,"height":200,"caption":"Logo CDRQ"},{"@type":"BreadcrumbList","@id":"https:\/\/cdrq.coop\/en\/contact-us\/#breadcrumb","itemListElement":[{"@type":"ListItem","position":1,"name":"Home","item":"https:\/\/cdrq.coop\/en\/"},{"@type":"ListItem","position":2,"name":"Contact us"}]},{"@type":"WebSite","@id":"https:\/\/cdrq.coop\/#website","url":"https:\/\/cdrq.coop\/","name":"Coop\u00e9rative de d\u00e9veloppement r\u00e9gional du Qu\u00e9bec","description":"The CDRQ offers supervision, support and expertise in supporting collective businesses that is unique in Quebec.","publisher":{"@id":"https:\/\/cdrq.coop\/#organization"},"alternateName":"CDRQ","potentialAction":[{"@type":"SearchAction","target":{"@type":"EntryPoint","urlTemplate":"https:\/\/cdrq.coop\/?s={search_term_string}"},"query-input":{"@type":"PropertyValueSpecification","valueRequired":true,"valueName":"search_term_string"}}],"inLanguage":"en-US"},{"@type":"Organization","@id":"https:\/\/cdrq.coop\/#organization","name":"Coop\u00e9rative de d\u00e9veloppement r\u00e9gional du Qu\u00e9bec","alternateName":"CDRQ","url":"https:\/\/cdrq.coop\/","logo":{"@type":"ImageObject","inLanguage":"en-US","@id":"https:\/\/cdrq.coop\/#\/schema\/logo\/image\/","url":"https:\/\/assets.boitebeet.com\/cdrq\/prod\/public\/uploads\/2023\/11\/cdrq-favicon.png","contentUrl":"https:\/\/assets.boitebeet.com\/cdrq\/prod\/public\/uploads\/2023\/11\/cdrq-favicon.png","width":180,"height":180,"caption":"Coop\u00e9rative de d\u00e9veloppement r\u00e9gional du Qu\u00e9bec"},"image":{"@id":"https:\/\/cdrq.coop\/#\/schema\/logo\/image\/"},"sameAs":["http:\/\/www.facebook.com\/cdrqprovinciale","http:\/\/www.linkedin.com\/company\/cdrq","https:\/\/youtube.com\/@CDRQ_coop"]}]}},"_links":{"self":[{"href":"https:\/\/cdrq.coop\/en\/wp-json\/wp\/v2\/pages\/651","targetHints":{"allow":["GET"]}}],"collection":[{"href":"https:\/\/cdrq.coop\/en\/wp-json\/wp\/v2\/pages"}],"about":[{"href":"https:\/\/cdrq.coop\/en\/wp-json\/wp\/v2\/types\/page"}],"author":[{"embeddable":true,"href":"https:\/\/cdrq.coop\/en\/wp-json\/wp\/v2\/users\/1"}],"replies":[{"embeddable":true,"href":"https:\/\/cdrq.coop\/en\/wp-json\/wp\/v2\/comments?post=651"}],"version-history":[{"count":23,"href":"https:\/\/cdrq.coop\/en\/wp-json\/wp\/v2\/pages\/651\/revisions"}],"predecessor-version":[{"id":12994,"href":"https:\/\/cdrq.coop\/en\/wp-json\/wp\/v2\/pages\/651\/revisions\/12994"}],"wp:featuredmedia":[{"embeddable":true,"href":"https:\/\/cdrq.coop\/en\/wp-json\/wp\/v2\/media\/9255"}],"wp:attachment":[{"href":"https:\/\/cdrq.coop\/en\/wp-json\/wp\/v2\/media?parent=651"}],"curies":[{"name":"wp","href":"https:\/\/api.w.org\/{rel}","templated":true}]}}