{"id":645,"date":"2023-11-10T11:04:59","date_gmt":"2023-11-10T16:04:59","guid":{"rendered":"https:\/\/cdrq.coop\/articles-et-outils\/outils\/"},"modified":"2025-10-01T16:09:51","modified_gmt":"2025-10-01T20:09:51","slug":"tools","status":"publish","type":"page","link":"https:\/\/cdrq.coop\/en\/tools\/","title":{"rendered":"Tools"},"content":{"rendered":"","protected":false},"excerpt":{"rendered":"","protected":false},"author":1,"featured_media":11514,"parent":0,"menu_order":0,"comment_status":"closed","ping_status":"closed","template":"","meta":{"_acf_changed":false,"footnotes":""},"class_list":["post-645","page","type-page","status-publish","has-post-thumbnail","hentry"],"acf":[],"yoast_head":"<!-- This site is optimized with the Yoast SEO plugin v27.2 - https:\/\/yoast.com\/product\/yoast-seo-wordpress\/ -->\n<title>Tools for the benefit of Quebec collective entrepreneurs | CDRQ<\/title>\n<meta name=\"description\" content=\"To help you make good decisions or accelerate your growth, we have developed several tools offered free of charge.\" \/>\n<meta name=\"robots\" content=\"index, follow, max-snippet:-1, max-image-preview:large, max-video-preview:-1\" \/>\n<link rel=\"canonical\" href=\"https:\/\/cdrq.coop\/en\/blog-and-tools__trashed\/tools\/\" \/>\n<meta property=\"og:locale\" content=\"en_US\" \/>\n<meta property=\"og:type\" content=\"article\" \/>\n<meta property=\"og:title\" content=\"Tools for the benefit of Quebec collective entrepreneurs | CDRQ\" \/>\n<meta property=\"og:description\" content=\"To help you make good decisions or accelerate your growth, we have developed several tools offered free of charge.\" \/>\n<meta property=\"og:url\" content=\"https:\/\/cdrq.coop\/en\/blog-and-tools__trashed\/tools\/\" \/>\n<meta property=\"og:site_name\" content=\"CDRQ\" \/>\n<meta property=\"article:publisher\" content=\"http:\/\/www.facebook.com\/cdrqprovinciale\" \/>\n<meta property=\"article:modified_time\" content=\"2025-10-01T20:09:51+00:00\" \/>\n<meta property=\"og:image\" content=\"https:\/\/cdrq.coop\/app\/uploads\/2025\/03\/Session-Forfaitisation.png\" \/>\n\t<meta property=\"og:image:width\" content=\"800\" \/>\n\t<meta property=\"og:image:height\" content=\"450\" \/>\n\t<meta property=\"og:image:type\" content=\"image\/png\" \/>\n<meta name=\"twitter:card\" content=\"summary_large_image\" \/>\n<meta name=\"twitter:label1\" content=\"Est. reading time\" \/>\n\t<meta name=\"twitter:data1\" content=\"1 minute\" \/>\n<script type=\"application\/ld+json\" class=\"yoast-schema-graph\">{\"@context\":\"https:\/\/schema.org\",\"@graph\":[{\"@type\":\"WebPage\",\"@id\":\"https:\/\/cdrq.coop\/en\/blog-and-tools__trashed\/tools\/\",\"url\":\"https:\/\/cdrq.coop\/en\/blog-and-tools__trashed\/tools\/\",\"name\":\"Tools for the benefit of Quebec collective entrepreneurs | CDRQ\",\"isPartOf\":{\"@id\":\"https:\/\/cdrq.coop\/#website\"},\"primaryImageOfPage\":{\"@id\":\"https:\/\/cdrq.coop\/en\/blog-and-tools__trashed\/tools\/#primaryimage\"},\"image\":{\"@id\":\"https:\/\/cdrq.coop\/en\/blog-and-tools__trashed\/tools\/#primaryimage\"},\"thumbnailUrl\":\"https:\/\/assets.boitebeet.com\/cdrq\/prod\/public\/uploads\/2025\/03\/Session-Forfaitisation.png\",\"datePublished\":\"2023-11-10T16:04:59+00:00\",\"dateModified\":\"2025-10-01T20:09:51+00:00\",\"description\":\"To help you make good decisions or accelerate your growth, we have developed several tools offered free of charge.\",\"breadcrumb\":{\"@id\":\"https:\/\/cdrq.coop\/en\/blog-and-tools__trashed\/tools\/#breadcrumb\"},\"inLanguage\":\"en-US\",\"potentialAction\":[{\"@type\":\"ReadAction\",\"target\":[\"https:\/\/cdrq.coop\/en\/blog-and-tools__trashed\/tools\/\"]}]},{\"@type\":\"ImageObject\",\"inLanguage\":\"en-US\",\"@id\":\"https:\/\/cdrq.coop\/en\/blog-and-tools__trashed\/tools\/#primaryimage\",\"url\":\"https:\/\/assets.boitebeet.com\/cdrq\/prod\/public\/uploads\/2025\/03\/Session-Forfaitisation.png\",\"contentUrl\":\"https:\/\/assets.boitebeet.com\/cdrq\/prod\/public\/uploads\/2025\/03\/Session-Forfaitisation.png\",\"width\":800,\"height\":450},{\"@type\":\"BreadcrumbList\",\"@id\":\"https:\/\/cdrq.coop\/en\/blog-and-tools__trashed\/tools\/#breadcrumb\",\"itemListElement\":[{\"@type\":\"ListItem\",\"position\":1,\"name\":\"Home\",\"item\":\"https:\/\/cdrq.coop\/en\/\"},{\"@type\":\"ListItem\",\"position\":2,\"name\":\"Tools\"}]},{\"@type\":\"WebSite\",\"@id\":\"https:\/\/cdrq.coop\/#website\",\"url\":\"https:\/\/cdrq.coop\/\",\"name\":\"Coop\u00e9rative de d\u00e9veloppement r\u00e9gional du Qu\u00e9bec\",\"description\":\"The CDRQ offers supervision, support and expertise in supporting collective businesses that is unique in Quebec.\",\"publisher\":{\"@id\":\"https:\/\/cdrq.coop\/#organization\"},\"alternateName\":\"CDRQ\",\"potentialAction\":[{\"@type\":\"SearchAction\",\"target\":{\"@type\":\"EntryPoint\",\"urlTemplate\":\"https:\/\/cdrq.coop\/?s={search_term_string}\"},\"query-input\":{\"@type\":\"PropertyValueSpecification\",\"valueRequired\":true,\"valueName\":\"search_term_string\"}}],\"inLanguage\":\"en-US\"},{\"@type\":\"Organization\",\"@id\":\"https:\/\/cdrq.coop\/#organization\",\"name\":\"Coop\u00e9rative de d\u00e9veloppement r\u00e9gional du Qu\u00e9bec\",\"alternateName\":\"CDRQ\",\"url\":\"https:\/\/cdrq.coop\/\",\"logo\":{\"@type\":\"ImageObject\",\"inLanguage\":\"en-US\",\"@id\":\"https:\/\/cdrq.coop\/#\/schema\/logo\/image\/\",\"url\":\"https:\/\/assets.boitebeet.com\/cdrq\/prod\/public\/uploads\/2023\/11\/cdrq-favicon.png\",\"contentUrl\":\"https:\/\/assets.boitebeet.com\/cdrq\/prod\/public\/uploads\/2023\/11\/cdrq-favicon.png\",\"width\":180,\"height\":180,\"caption\":\"Coop\u00e9rative de d\u00e9veloppement r\u00e9gional du Qu\u00e9bec\"},\"image\":{\"@id\":\"https:\/\/cdrq.coop\/#\/schema\/logo\/image\/\"},\"sameAs\":[\"http:\/\/www.facebook.com\/cdrqprovinciale\",\"http:\/\/www.linkedin.com\/company\/cdrq\",\"https:\/\/youtube.com\/@CDRQ_coop\"]}]}<\/script>\n<!-- \/ Yoast SEO plugin. -->","yoast_head_json":{"title":"Tools for the benefit of Quebec collective entrepreneurs | CDRQ","description":"To help you make good decisions or accelerate your growth, we have developed several tools offered free of charge.","robots":{"index":"index","follow":"follow","max-snippet":"max-snippet:-1","max-image-preview":"max-image-preview:large","max-video-preview":"max-video-preview:-1"},"canonical":"https:\/\/cdrq.coop\/en\/blog-and-tools__trashed\/tools\/","og_locale":"en_US","og_type":"article","og_title":"Tools for the benefit of Quebec collective entrepreneurs | CDRQ","og_description":"To help you make good decisions or accelerate your growth, we have developed several tools offered free of charge.","og_url":"https:\/\/cdrq.coop\/en\/blog-and-tools__trashed\/tools\/","og_site_name":"CDRQ","article_publisher":"http:\/\/www.facebook.com\/cdrqprovinciale","article_modified_time":"2025-10-01T20:09:51+00:00","og_image":[{"width":800,"height":450,"url":"https:\/\/cdrq.coop\/app\/uploads\/2025\/03\/Session-Forfaitisation.png","type":"image\/png"}],"twitter_card":"summary_large_image","twitter_misc":{"Est. reading time":"1 minute"},"schema":{"@context":"https:\/\/schema.org","@graph":[{"@type":"WebPage","@id":"https:\/\/cdrq.coop\/en\/blog-and-tools__trashed\/tools\/","url":"https:\/\/cdrq.coop\/en\/blog-and-tools__trashed\/tools\/","name":"Tools for the benefit of Quebec collective entrepreneurs | CDRQ","isPartOf":{"@id":"https:\/\/cdrq.coop\/#website"},"primaryImageOfPage":{"@id":"https:\/\/cdrq.coop\/en\/blog-and-tools__trashed\/tools\/#primaryimage"},"image":{"@id":"https:\/\/cdrq.coop\/en\/blog-and-tools__trashed\/tools\/#primaryimage"},"thumbnailUrl":"https:\/\/assets.boitebeet.com\/cdrq\/prod\/public\/uploads\/2025\/03\/Session-Forfaitisation.png","datePublished":"2023-11-10T16:04:59+00:00","dateModified":"2025-10-01T20:09:51+00:00","description":"To help you make good decisions or accelerate your growth, we have developed several tools offered free of charge.","breadcrumb":{"@id":"https:\/\/cdrq.coop\/en\/blog-and-tools__trashed\/tools\/#breadcrumb"},"inLanguage":"en-US","potentialAction":[{"@type":"ReadAction","target":["https:\/\/cdrq.coop\/en\/blog-and-tools__trashed\/tools\/"]}]},{"@type":"ImageObject","inLanguage":"en-US","@id":"https:\/\/cdrq.coop\/en\/blog-and-tools__trashed\/tools\/#primaryimage","url":"https:\/\/assets.boitebeet.com\/cdrq\/prod\/public\/uploads\/2025\/03\/Session-Forfaitisation.png","contentUrl":"https:\/\/assets.boitebeet.com\/cdrq\/prod\/public\/uploads\/2025\/03\/Session-Forfaitisation.png","width":800,"height":450},{"@type":"BreadcrumbList","@id":"https:\/\/cdrq.coop\/en\/blog-and-tools__trashed\/tools\/#breadcrumb","itemListElement":[{"@type":"ListItem","position":1,"name":"Home","item":"https:\/\/cdrq.coop\/en\/"},{"@type":"ListItem","position":2,"name":"Tools"}]},{"@type":"WebSite","@id":"https:\/\/cdrq.coop\/#website","url":"https:\/\/cdrq.coop\/","name":"Coop\u00e9rative de d\u00e9veloppement r\u00e9gional du Qu\u00e9bec","description":"The CDRQ offers supervision, support and expertise in supporting collective businesses that is unique in Quebec.","publisher":{"@id":"https:\/\/cdrq.coop\/#organization"},"alternateName":"CDRQ","potentialAction":[{"@type":"SearchAction","target":{"@type":"EntryPoint","urlTemplate":"https:\/\/cdrq.coop\/?s={search_term_string}"},"query-input":{"@type":"PropertyValueSpecification","valueRequired":true,"valueName":"search_term_string"}}],"inLanguage":"en-US"},{"@type":"Organization","@id":"https:\/\/cdrq.coop\/#organization","name":"Coop\u00e9rative de d\u00e9veloppement r\u00e9gional du Qu\u00e9bec","alternateName":"CDRQ","url":"https:\/\/cdrq.coop\/","logo":{"@type":"ImageObject","inLanguage":"en-US","@id":"https:\/\/cdrq.coop\/#\/schema\/logo\/image\/","url":"https:\/\/assets.boitebeet.com\/cdrq\/prod\/public\/uploads\/2023\/11\/cdrq-favicon.png","contentUrl":"https:\/\/assets.boitebeet.com\/cdrq\/prod\/public\/uploads\/2023\/11\/cdrq-favicon.png","width":180,"height":180,"caption":"Coop\u00e9rative de d\u00e9veloppement r\u00e9gional du Qu\u00e9bec"},"image":{"@id":"https:\/\/cdrq.coop\/#\/schema\/logo\/image\/"},"sameAs":["http:\/\/www.facebook.com\/cdrqprovinciale","http:\/\/www.linkedin.com\/company\/cdrq","https:\/\/youtube.com\/@CDRQ_coop"]}]}},"_links":{"self":[{"href":"https:\/\/cdrq.coop\/en\/wp-json\/wp\/v2\/pages\/645","targetHints":{"allow":["GET"]}}],"collection":[{"href":"https:\/\/cdrq.coop\/en\/wp-json\/wp\/v2\/pages"}],"about":[{"href":"https:\/\/cdrq.coop\/en\/wp-json\/wp\/v2\/types\/page"}],"author":[{"embeddable":true,"href":"https:\/\/cdrq.coop\/en\/wp-json\/wp\/v2\/users\/1"}],"replies":[{"embeddable":true,"href":"https:\/\/cdrq.coop\/en\/wp-json\/wp\/v2\/comments?post=645"}],"version-history":[{"count":7,"href":"https:\/\/cdrq.coop\/en\/wp-json\/wp\/v2\/pages\/645\/revisions"}],"predecessor-version":[{"id":12592,"href":"https:\/\/cdrq.coop\/en\/wp-json\/wp\/v2\/pages\/645\/revisions\/12592"}],"wp:featuredmedia":[{"embeddable":true,"href":"https:\/\/cdrq.coop\/en\/wp-json\/wp\/v2\/media\/11514"}],"wp:attachment":[{"href":"https:\/\/cdrq.coop\/en\/wp-json\/wp\/v2\/media?parent=645"}],"curies":[{"name":"wp","href":"https:\/\/api.w.org\/{rel}","templated":true}]}}