{"id":597,"date":"2026-03-09T09:03:57","date_gmt":"2026-03-09T13:03:57","guid":{"rendered":"https:\/\/cdrq.coop\/les-formations\/"},"modified":"2026-02-06T13:49:03","modified_gmt":"2026-02-06T18:49:03","slug":"trainings","status":"publish","type":"page","link":"https:\/\/cdrq.coop\/en\/trainings\/","title":{"rendered":"Training"},"content":{"rendered":"","protected":false},"excerpt":{"rendered":"","protected":false},"author":1,"featured_media":13296,"parent":0,"menu_order":0,"comment_status":"closed","ping_status":"closed","template":"","meta":{"_acf_changed":false,"footnotes":""},"class_list":["post-597","page","type-page","status-publish","has-post-thumbnail","hentry"],"acf":[],"yoast_head":"<!-- This site is optimized with the Yoast SEO plugin v27.4 - https:\/\/yoast.com\/product\/yoast-seo-wordpress\/ -->\n<title>Calendar: Training courses for co-op or NPO | CDRQ<\/title>\n<meta name=\"description\" content=\"Here is our schedule of training courses and webinars offered by the CDRQ to collective entrepreneurs operating as co-ops or NPO.\" \/>\n<meta name=\"robots\" content=\"index, follow, max-snippet:-1, max-image-preview:large, max-video-preview:-1\" \/>\n<link rel=\"canonical\" href=\"https:\/\/cdrq.coop\/formations\/\" \/>\n<meta property=\"og:locale\" content=\"en_US\" \/>\n<meta property=\"og:type\" content=\"article\" \/>\n<meta property=\"og:title\" content=\"Calendar: Training courses for co-op or NPO | CDRQ\" \/>\n<meta property=\"og:description\" content=\"Here is our schedule of training courses and webinars offered by the CDRQ to collective entrepreneurs operating as co-ops or NPO.\" \/>\n<meta property=\"og:url\" content=\"https:\/\/cdrq.coop\/formations\/\" \/>\n<meta property=\"og:site_name\" content=\"CDRQ\" \/>\n<meta property=\"article:publisher\" content=\"http:\/\/www.facebook.com\/cdrqprovinciale\" \/>\n<meta property=\"og:image\" content=\"https:\/\/assets.boitebeet.com\/cdrq\/prod\/public\/uploads\/2026\/02\/Formation-CDRQ-Decouvrez-lentrepreneuriat-collectif.png\" \/>\n\t<meta property=\"og:image:width\" content=\"940\" \/>\n\t<meta property=\"og:image:height\" content=\"788\" \/>\n\t<meta property=\"og:image:type\" content=\"image\/png\" \/>\n<meta name=\"twitter:card\" content=\"summary_large_image\" \/>\n<meta name=\"twitter:label1\" content=\"Est. reading time\" \/>\n\t<meta name=\"twitter:data1\" content=\"1 minute\" \/>\n<script type=\"application\/ld+json\" class=\"yoast-schema-graph\">{\"@context\":\"https:\\\/\\\/schema.org\",\"@graph\":[{\"@type\":\"WebPage\",\"@id\":\"https:\\\/\\\/cdrq.coop\\\/formations\\\/\",\"url\":\"https:\\\/\\\/cdrq.coop\\\/formations\\\/\",\"name\":\"Calendar: Training courses for co-op or NPO | CDRQ\",\"isPartOf\":{\"@id\":\"https:\\\/\\\/cdrq.coop\\\/#website\"},\"primaryImageOfPage\":{\"@id\":\"https:\\\/\\\/cdrq.coop\\\/formations\\\/#primaryimage\"},\"image\":{\"@id\":\"https:\\\/\\\/cdrq.coop\\\/formations\\\/#primaryimage\"},\"thumbnailUrl\":\"https:\\\/\\\/assets.boitebeet.com\\\/cdrq\\\/prod\\\/public\\\/uploads\\\/2026\\\/02\\\/Formation-CDRQ-Decouvrez-lentrepreneuriat-collectif.png\",\"datePublished\":\"2026-03-09T13:03:57+00:00\",\"description\":\"Here is our schedule of training courses and webinars offered by the CDRQ to collective entrepreneurs operating as co-ops or NPO.\",\"breadcrumb\":{\"@id\":\"https:\\\/\\\/cdrq.coop\\\/formations\\\/#breadcrumb\"},\"inLanguage\":\"en-US\",\"potentialAction\":[{\"@type\":\"ReadAction\",\"target\":[\"https:\\\/\\\/cdrq.coop\\\/formations\\\/\"]}]},{\"@type\":\"ImageObject\",\"inLanguage\":\"en-US\",\"@id\":\"https:\\\/\\\/cdrq.coop\\\/formations\\\/#primaryimage\",\"url\":\"https:\\\/\\\/assets.boitebeet.com\\\/cdrq\\\/prod\\\/public\\\/uploads\\\/2026\\\/02\\\/Formation-CDRQ-Decouvrez-lentrepreneuriat-collectif.png\",\"contentUrl\":\"https:\\\/\\\/assets.boitebeet.com\\\/cdrq\\\/prod\\\/public\\\/uploads\\\/2026\\\/02\\\/Formation-CDRQ-Decouvrez-lentrepreneuriat-collectif.png\",\"width\":940,\"height\":788,\"caption\":\"Formations CDRQ\"},{\"@type\":\"BreadcrumbList\",\"@id\":\"https:\\\/\\\/cdrq.coop\\\/formations\\\/#breadcrumb\",\"itemListElement\":[{\"@type\":\"ListItem\",\"position\":1,\"name\":\"Home\",\"item\":\"https:\\\/\\\/cdrq.coop\\\/en\\\/\"},{\"@type\":\"ListItem\",\"position\":2,\"name\":\"Training\"}]},{\"@type\":\"WebSite\",\"@id\":\"https:\\\/\\\/cdrq.coop\\\/#website\",\"url\":\"https:\\\/\\\/cdrq.coop\\\/\",\"name\":\"Coop\u00e9rative de d\u00e9veloppement r\u00e9gional du Qu\u00e9bec\",\"description\":\"The CDRQ offers supervision, support and expertise in supporting collective businesses that is unique in Quebec.\",\"publisher\":{\"@id\":\"https:\\\/\\\/cdrq.coop\\\/#organization\"},\"alternateName\":\"CDRQ\",\"potentialAction\":[{\"@type\":\"SearchAction\",\"target\":{\"@type\":\"EntryPoint\",\"urlTemplate\":\"https:\\\/\\\/cdrq.coop\\\/?s={search_term_string}\"},\"query-input\":{\"@type\":\"PropertyValueSpecification\",\"valueRequired\":true,\"valueName\":\"search_term_string\"}}],\"inLanguage\":\"en-US\"},{\"@type\":\"Organization\",\"@id\":\"https:\\\/\\\/cdrq.coop\\\/#organization\",\"name\":\"Coop\u00e9rative de d\u00e9veloppement r\u00e9gional du Qu\u00e9bec\",\"alternateName\":\"CDRQ\",\"url\":\"https:\\\/\\\/cdrq.coop\\\/\",\"logo\":{\"@type\":\"ImageObject\",\"inLanguage\":\"en-US\",\"@id\":\"https:\\\/\\\/cdrq.coop\\\/#\\\/schema\\\/logo\\\/image\\\/\",\"url\":\"https:\\\/\\\/assets.boitebeet.com\\\/cdrq\\\/prod\\\/public\\\/uploads\\\/2023\\\/11\\\/cdrq-favicon.png\",\"contentUrl\":\"https:\\\/\\\/assets.boitebeet.com\\\/cdrq\\\/prod\\\/public\\\/uploads\\\/2023\\\/11\\\/cdrq-favicon.png\",\"width\":180,\"height\":180,\"caption\":\"Coop\u00e9rative de d\u00e9veloppement r\u00e9gional du Qu\u00e9bec\"},\"image\":{\"@id\":\"https:\\\/\\\/cdrq.coop\\\/#\\\/schema\\\/logo\\\/image\\\/\"},\"sameAs\":[\"http:\\\/\\\/www.facebook.com\\\/cdrqprovinciale\",\"http:\\\/\\\/www.linkedin.com\\\/company\\\/cdrq\",\"https:\\\/\\\/youtube.com\\\/@CDRQ_coop\"]}]}<\/script>\n<!-- \/ Yoast SEO plugin. -->","yoast_head_json":{"title":"Calendar: Training courses for co-op or NPO | CDRQ","description":"Here is our schedule of training courses and webinars offered by the CDRQ to collective entrepreneurs operating as co-ops or NPO.","robots":{"index":"index","follow":"follow","max-snippet":"max-snippet:-1","max-image-preview":"max-image-preview:large","max-video-preview":"max-video-preview:-1"},"canonical":"https:\/\/cdrq.coop\/formations\/","og_locale":"en_US","og_type":"article","og_title":"Calendar: Training courses for co-op or NPO | CDRQ","og_description":"Here is our schedule of training courses and webinars offered by the CDRQ to collective entrepreneurs operating as co-ops or NPO.","og_url":"https:\/\/cdrq.coop\/formations\/","og_site_name":"CDRQ","article_publisher":"http:\/\/www.facebook.com\/cdrqprovinciale","og_image":[{"width":940,"height":788,"url":"https:\/\/assets.boitebeet.com\/cdrq\/prod\/public\/uploads\/2026\/02\/Formation-CDRQ-Decouvrez-lentrepreneuriat-collectif.png","type":"image\/png"}],"twitter_card":"summary_large_image","twitter_misc":{"Est. reading time":"1 minute"},"schema":{"@context":"https:\/\/schema.org","@graph":[{"@type":"WebPage","@id":"https:\/\/cdrq.coop\/formations\/","url":"https:\/\/cdrq.coop\/formations\/","name":"Calendar: Training courses for co-op or NPO | CDRQ","isPartOf":{"@id":"https:\/\/cdrq.coop\/#website"},"primaryImageOfPage":{"@id":"https:\/\/cdrq.coop\/formations\/#primaryimage"},"image":{"@id":"https:\/\/cdrq.coop\/formations\/#primaryimage"},"thumbnailUrl":"https:\/\/assets.boitebeet.com\/cdrq\/prod\/public\/uploads\/2026\/02\/Formation-CDRQ-Decouvrez-lentrepreneuriat-collectif.png","datePublished":"2026-03-09T13:03:57+00:00","description":"Here is our schedule of training courses and webinars offered by the CDRQ to collective entrepreneurs operating as co-ops or NPO.","breadcrumb":{"@id":"https:\/\/cdrq.coop\/formations\/#breadcrumb"},"inLanguage":"en-US","potentialAction":[{"@type":"ReadAction","target":["https:\/\/cdrq.coop\/formations\/"]}]},{"@type":"ImageObject","inLanguage":"en-US","@id":"https:\/\/cdrq.coop\/formations\/#primaryimage","url":"https:\/\/assets.boitebeet.com\/cdrq\/prod\/public\/uploads\/2026\/02\/Formation-CDRQ-Decouvrez-lentrepreneuriat-collectif.png","contentUrl":"https:\/\/assets.boitebeet.com\/cdrq\/prod\/public\/uploads\/2026\/02\/Formation-CDRQ-Decouvrez-lentrepreneuriat-collectif.png","width":940,"height":788,"caption":"Formations CDRQ"},{"@type":"BreadcrumbList","@id":"https:\/\/cdrq.coop\/formations\/#breadcrumb","itemListElement":[{"@type":"ListItem","position":1,"name":"Home","item":"https:\/\/cdrq.coop\/en\/"},{"@type":"ListItem","position":2,"name":"Training"}]},{"@type":"WebSite","@id":"https:\/\/cdrq.coop\/#website","url":"https:\/\/cdrq.coop\/","name":"Coop\u00e9rative de d\u00e9veloppement r\u00e9gional du Qu\u00e9bec","description":"The CDRQ offers supervision, support and expertise in supporting collective businesses that is unique in Quebec.","publisher":{"@id":"https:\/\/cdrq.coop\/#organization"},"alternateName":"CDRQ","potentialAction":[{"@type":"SearchAction","target":{"@type":"EntryPoint","urlTemplate":"https:\/\/cdrq.coop\/?s={search_term_string}"},"query-input":{"@type":"PropertyValueSpecification","valueRequired":true,"valueName":"search_term_string"}}],"inLanguage":"en-US"},{"@type":"Organization","@id":"https:\/\/cdrq.coop\/#organization","name":"Coop\u00e9rative de d\u00e9veloppement r\u00e9gional du Qu\u00e9bec","alternateName":"CDRQ","url":"https:\/\/cdrq.coop\/","logo":{"@type":"ImageObject","inLanguage":"en-US","@id":"https:\/\/cdrq.coop\/#\/schema\/logo\/image\/","url":"https:\/\/assets.boitebeet.com\/cdrq\/prod\/public\/uploads\/2023\/11\/cdrq-favicon.png","contentUrl":"https:\/\/assets.boitebeet.com\/cdrq\/prod\/public\/uploads\/2023\/11\/cdrq-favicon.png","width":180,"height":180,"caption":"Coop\u00e9rative de d\u00e9veloppement r\u00e9gional du Qu\u00e9bec"},"image":{"@id":"https:\/\/cdrq.coop\/#\/schema\/logo\/image\/"},"sameAs":["http:\/\/www.facebook.com\/cdrqprovinciale","http:\/\/www.linkedin.com\/company\/cdrq","https:\/\/youtube.com\/@CDRQ_coop"]}]}},"_links":{"self":[{"href":"https:\/\/cdrq.coop\/en\/wp-json\/wp\/v2\/pages\/597","targetHints":{"allow":["GET"]}}],"collection":[{"href":"https:\/\/cdrq.coop\/en\/wp-json\/wp\/v2\/pages"}],"about":[{"href":"https:\/\/cdrq.coop\/en\/wp-json\/wp\/v2\/types\/page"}],"author":[{"embeddable":true,"href":"https:\/\/cdrq.coop\/en\/wp-json\/wp\/v2\/users\/1"}],"replies":[{"embeddable":true,"href":"https:\/\/cdrq.coop\/en\/wp-json\/wp\/v2\/comments?post=597"}],"version-history":[{"count":19,"href":"https:\/\/cdrq.coop\/en\/wp-json\/wp\/v2\/pages\/597\/revisions"}],"predecessor-version":[{"id":8571,"href":"https:\/\/cdrq.coop\/en\/wp-json\/wp\/v2\/pages\/597\/revisions\/8571"}],"wp:featuredmedia":[{"embeddable":true,"href":"https:\/\/cdrq.coop\/en\/wp-json\/wp\/v2\/media\/13296"}],"wp:attachment":[{"href":"https:\/\/cdrq.coop\/en\/wp-json\/wp\/v2\/media?parent=597"}],"curies":[{"name":"wp","href":"https:\/\/api.w.org\/{rel}","templated":true}]}}